{"id":397,"date":"2024-08-10T13:55:38","date_gmt":"2024-08-10T12:55:38","guid":{"rendered":"https:\/\/adifferentbarcelona.com\/aviso-legal-imprint\/"},"modified":"2025-03-06T13:07:16","modified_gmt":"2025-03-06T12:07:16","slug":"aviso-legal-imprint","status":"publish","type":"page","link":"https:\/\/adifferentbarcelona.com\/es_es\/aviso-legal-imprint\/","title":{"rendered":"Aviso Legal \/ Imprint"},"content":{"rendered":"<!-- Legal document generated by Complianz | GDPR\/CCPA Cookie Consent https:\/\/wordpress.org\/plugins\/complianz-gdpr -->\n<div id=\"cmplz-document\" class=\"cmplz-document impressum cmplz-document-all\"><p><i>Este aviso se actualiz\u00f3 por \u00faltima vez el 23\/08\/2024.<\/i><\/p><p class=\"cmplz-subtitle\">El propietario de este sitio web es:<\/p><p>LAURA BENTANCOURT C autonoma<br>Carrer de Guifr\u00e9 133 - Badalona, Barcelona. CP 08912<br>Espa\u00f1a<br>Email:&nbsp;lau&#099;e&#115;tau&#064;&#103;ma&#105;l&#046;&#099;o&#109;<br>Tel\u00e9fono: +34611785525<br>VAT ID:&nbsp;60349168C<\/p><h2>1. General<\/h2><p>No estamos dispuestos ni obligados a participar en procedimientos de resoluci\u00f3n de disputas ante una junta de arbitraje para consumidores.<\/p><\/div>","protected":false},"excerpt":{"rendered":"","protected":false},"author":2,"featured_media":0,"parent":0,"menu_order":0,"comment_status":"closed","ping_status":"closed","template":"","meta":{"_acf_changed":false,"iawp_total_views":33,"footnotes":""},"class_list":["post-397","page","type-page","status-publish","hentry"],"acf":[],"yoast_head":"<!-- This site is optimized with the Yoast SEO plugin v27.4 - https:\/\/yoast.com\/product\/yoast-seo-wordpress\/ -->\n<title>Aviso Legal \/ Imprint - A different barcelona<\/title>\n<meta name=\"robots\" content=\"noindex, nofollow\" \/>\n<meta property=\"og:locale\" content=\"es_ES\" \/>\n<meta property=\"og:type\" content=\"article\" \/>\n<meta property=\"og:title\" content=\"Aviso Legal \/ Imprint - A different barcelona\" \/>\n<meta property=\"og:url\" content=\"https:\/\/adifferentbarcelona.com\/es_es\/aviso-legal-imprint\/\" \/>\n<meta property=\"og:site_name\" content=\"A different barcelona\" \/>\n<meta property=\"article:modified_time\" content=\"2025-03-06T12:07:16+00:00\" \/>\n<meta name=\"twitter:card\" content=\"summary_large_image\" \/>\n<script type=\"application\/ld+json\" class=\"yoast-schema-graph\">{\"@context\":\"https:\\\/\\\/schema.org\",\"@graph\":[{\"@type\":\"WebPage\",\"@id\":\"https:\\\/\\\/adifferentbarcelona.com\\\/aviso-legal-imprint\\\/\",\"url\":\"https:\\\/\\\/adifferentbarcelona.com\\\/aviso-legal-imprint\\\/\",\"name\":\"Aviso Legal \\\/ Imprint - A different barcelona\",\"isPartOf\":{\"@id\":\"https:\\\/\\\/adifferentbarcelona.com\\\/#website\"},\"datePublished\":\"2024-08-10T12:55:38+00:00\",\"dateModified\":\"2025-03-06T12:07:16+00:00\",\"inLanguage\":\"es\",\"potentialAction\":[{\"@type\":\"ReadAction\",\"target\":[\"https:\\\/\\\/adifferentbarcelona.com\\\/aviso-legal-imprint\\\/\"]}]},{\"@type\":\"WebSite\",\"@id\":\"https:\\\/\\\/adifferentbarcelona.com\\\/#website\",\"url\":\"https:\\\/\\\/adifferentbarcelona.com\\\/\",\"name\":\"A different barcelona\",\"description\":\"Your unforgettable Barcelona experience\",\"publisher\":{\"@id\":\"https:\\\/\\\/adifferentbarcelona.com\\\/#organization\"},\"potentialAction\":[{\"@type\":\"SearchAction\",\"target\":{\"@type\":\"EntryPoint\",\"urlTemplate\":\"https:\\\/\\\/adifferentbarcelona.com\\\/?s={search_term_string}\"},\"query-input\":{\"@type\":\"PropertyValueSpecification\",\"valueRequired\":true,\"valueName\":\"search_term_string\"}}],\"inLanguage\":\"es\"},{\"@type\":\"Organization\",\"@id\":\"https:\\\/\\\/adifferentbarcelona.com\\\/#organization\",\"name\":\"A different barcelona\",\"url\":\"https:\\\/\\\/adifferentbarcelona.com\\\/\",\"logo\":{\"@type\":\"ImageObject\",\"inLanguage\":\"es\",\"@id\":\"https:\\\/\\\/adifferentbarcelona.com\\\/#\\\/schema\\\/logo\\\/image\\\/\",\"url\":\"https:\\\/\\\/adifferentbarcelona.com\\\/wp-content\\\/uploads\\\/2022\\\/11\\\/Group-341-1.png\",\"contentUrl\":\"https:\\\/\\\/adifferentbarcelona.com\\\/wp-content\\\/uploads\\\/2022\\\/11\\\/Group-341-1.png\",\"width\":1560,\"height\":592,\"caption\":\"A different barcelona\"},\"image\":{\"@id\":\"https:\\\/\\\/adifferentbarcelona.com\\\/#\\\/schema\\\/logo\\\/image\\\/\"},\"sameAs\":[\"https:\\\/\\\/www.instagram.com\\\/adifferentbarcelona\\\/\"]}]}<\/script>\n<!-- \/ Yoast SEO plugin. -->","yoast_head_json":{"title":"Aviso Legal \/ Imprint - A different barcelona","robots":{"index":"noindex","follow":"nofollow"},"og_locale":"es_ES","og_type":"article","og_title":"Aviso Legal \/ Imprint - A different barcelona","og_url":"https:\/\/adifferentbarcelona.com\/es_es\/aviso-legal-imprint\/","og_site_name":"A different barcelona","article_modified_time":"2025-03-06T12:07:16+00:00","twitter_card":"summary_large_image","schema":{"@context":"https:\/\/schema.org","@graph":[{"@type":"WebPage","@id":"https:\/\/adifferentbarcelona.com\/aviso-legal-imprint\/","url":"https:\/\/adifferentbarcelona.com\/aviso-legal-imprint\/","name":"Aviso Legal \/ Imprint - A different barcelona","isPartOf":{"@id":"https:\/\/adifferentbarcelona.com\/#website"},"datePublished":"2024-08-10T12:55:38+00:00","dateModified":"2025-03-06T12:07:16+00:00","inLanguage":"es","potentialAction":[{"@type":"ReadAction","target":["https:\/\/adifferentbarcelona.com\/aviso-legal-imprint\/"]}]},{"@type":"WebSite","@id":"https:\/\/adifferentbarcelona.com\/#website","url":"https:\/\/adifferentbarcelona.com\/","name":"A different barcelona","description":"Tu experiencia inolvidable en Barcelona","publisher":{"@id":"https:\/\/adifferentbarcelona.com\/#organization"},"potentialAction":[{"@type":"SearchAction","target":{"@type":"EntryPoint","urlTemplate":"https:\/\/adifferentbarcelona.com\/?s={search_term_string}"},"query-input":{"@type":"PropertyValueSpecification","valueRequired":true,"valueName":"search_term_string"}}],"inLanguage":"es"},{"@type":"Organization","@id":"https:\/\/adifferentbarcelona.com\/#organization","name":"A different barcelona","url":"https:\/\/adifferentbarcelona.com\/","logo":{"@type":"ImageObject","inLanguage":"es","@id":"https:\/\/adifferentbarcelona.com\/#\/schema\/logo\/image\/","url":"https:\/\/adifferentbarcelona.com\/wp-content\/uploads\/2022\/11\/Group-341-1.png","contentUrl":"https:\/\/adifferentbarcelona.com\/wp-content\/uploads\/2022\/11\/Group-341-1.png","width":1560,"height":592,"caption":"A different barcelona"},"image":{"@id":"https:\/\/adifferentbarcelona.com\/#\/schema\/logo\/image\/"},"sameAs":["https:\/\/www.instagram.com\/adifferentbarcelona\/"]}]}},"_links":{"self":[{"href":"https:\/\/adifferentbarcelona.com\/es_es\/wp-json\/wp\/v2\/pages\/397","targetHints":{"allow":["GET"]}}],"collection":[{"href":"https:\/\/adifferentbarcelona.com\/es_es\/wp-json\/wp\/v2\/pages"}],"about":[{"href":"https:\/\/adifferentbarcelona.com\/es_es\/wp-json\/wp\/v2\/types\/page"}],"author":[{"embeddable":true,"href":"https:\/\/adifferentbarcelona.com\/es_es\/wp-json\/wp\/v2\/users\/2"}],"replies":[{"embeddable":true,"href":"https:\/\/adifferentbarcelona.com\/es_es\/wp-json\/wp\/v2\/comments?post=397"}],"version-history":[{"count":1,"href":"https:\/\/adifferentbarcelona.com\/es_es\/wp-json\/wp\/v2\/pages\/397\/revisions"}],"predecessor-version":[{"id":1193,"href":"https:\/\/adifferentbarcelona.com\/es_es\/wp-json\/wp\/v2\/pages\/397\/revisions\/1193"}],"wp:attachment":[{"href":"https:\/\/adifferentbarcelona.com\/es_es\/wp-json\/wp\/v2\/media?parent=397"}],"curies":[{"name":"wp","href":"https:\/\/api.w.org\/{rel}","templated":true}]}}